{"id":3819,"date":"2024-10-22T05:01:23","date_gmt":"2024-10-21T22:01:23","guid":{"rendered":"https:\/\/vibes-brand.com\/?post_type=product&#038;p=3819"},"modified":"2024-10-22T05:03:13","modified_gmt":"2024-10-21T22:03:13","slug":"design-vibe-green-tote","status":"publish","type":"product","link":"https:\/\/vibes-brand.com\/vi\/san-pham\/design-vibe-green-tote\/","title":{"rendered":"Thi\u1ebft k\u1ebf t\u00fai tote m\u00e0u xanh l\u00e1 c\u00e2y"},"content":{"rendered":"<p><img loading=\"lazy\" decoding=\"async\" class=\"alignnone wp-image-3796 size-full\" src=\"https:\/\/vibes-brand.com\/wp-content\/uploads\/2024\/10\/231125-VIBES-421-scaled.jpeg\" alt=\"\" width=\"1705\" height=\"2560\" srcset=\"https:\/\/vibes-brand.com\/wp-content\/uploads\/2024\/10\/231125-VIBES-421-scaled.jpeg 1705w, https:\/\/vibes-brand.com\/wp-content\/uploads\/2024\/10\/231125-VIBES-421-scaled-1028x1544.jpeg 1028w, https:\/\/vibes-brand.com\/wp-content\/uploads\/2024\/10\/231125-VIBES-421-200x300.jpeg 200w, https:\/\/vibes-brand.com\/wp-content\/uploads\/2024\/10\/231125-VIBES-421-682x1024.jpeg 682w, https:\/\/vibes-brand.com\/wp-content\/uploads\/2024\/10\/231125-VIBES-421-768x1153.jpeg 768w, https:\/\/vibes-brand.com\/wp-content\/uploads\/2024\/10\/231125-VIBES-421-1023x1536.jpeg 1023w, https:\/\/vibes-brand.com\/wp-content\/uploads\/2024\/10\/231125-VIBES-421-1364x2048.jpeg 1364w\" sizes=\"auto, (max-width: 1705px) 100vw, 1705px\" \/> <img loading=\"lazy\" decoding=\"async\" class=\"alignnone wp-image-3795 size-full\" src=\"https:\/\/vibes-brand.com\/wp-content\/uploads\/2024\/10\/231125-VIBES-18-scaled.jpeg\" alt=\"\" width=\"1705\" height=\"2560\" srcset=\"https:\/\/vibes-brand.com\/wp-content\/uploads\/2024\/10\/231125-VIBES-18-scaled.jpeg 1705w, https:\/\/vibes-brand.com\/wp-content\/uploads\/2024\/10\/231125-VIBES-18-scaled-1028x1544.jpeg 1028w, https:\/\/vibes-brand.com\/wp-content\/uploads\/2024\/10\/231125-VIBES-18-200x300.jpeg 200w, https:\/\/vibes-brand.com\/wp-content\/uploads\/2024\/10\/231125-VIBES-18-682x1024.jpeg 682w, https:\/\/vibes-brand.com\/wp-content\/uploads\/2024\/10\/231125-VIBES-18-768x1153.jpeg 768w, https:\/\/vibes-brand.com\/wp-content\/uploads\/2024\/10\/231125-VIBES-18-1023x1536.jpeg 1023w, https:\/\/vibes-brand.com\/wp-content\/uploads\/2024\/10\/231125-VIBES-18-1364x2048.jpeg 1364w\" sizes=\"auto, (max-width: 1705px) 100vw, 1705px\" \/><\/p>\n<p><img loading=\"lazy\" decoding=\"async\" class=\"aligncenter wp-image-3456 size-full\" src=\"https:\/\/vibes-brand.com\/wp-content\/uploads\/2023\/12\/11-1.png\" alt=\"\" width=\"1414\" height=\"2000\" srcset=\"https:\/\/vibes-brand.com\/wp-content\/uploads\/2023\/12\/11-1.png 1414w, https:\/\/vibes-brand.com\/wp-content\/uploads\/2023\/12\/11-1-1028x1454.png 1028w, https:\/\/vibes-brand.com\/wp-content\/uploads\/2023\/12\/11-1-212x300.png 212w, https:\/\/vibes-brand.com\/wp-content\/uploads\/2023\/12\/11-1-724x1024.png 724w, https:\/\/vibes-brand.com\/wp-content\/uploads\/2023\/12\/11-1-768x1086.png 768w, https:\/\/vibes-brand.com\/wp-content\/uploads\/2023\/12\/11-1-1086x1536.png 1086w\" sizes=\"auto, (max-width: 1414px) 100vw, 1414px\" \/><\/p>\n<p>&nbsp;<\/p>\n<p><img loading=\"lazy\" decoding=\"async\" class=\"alignnone size-full wp-image-3536\" src=\"https:\/\/vibes-brand.com\/wp-content\/uploads\/2024\/08\/16.png\" alt=\"\" width=\"2121\" height=\"3000\" srcset=\"https:\/\/vibes-brand.com\/wp-content\/uploads\/2024\/08\/16.png 2121w, https:\/\/vibes-brand.com\/wp-content\/uploads\/2024\/08\/16-1028x1454.png 1028w, https:\/\/vibes-brand.com\/wp-content\/uploads\/2024\/08\/16-212x300.png 212w, https:\/\/vibes-brand.com\/wp-content\/uploads\/2024\/08\/16-724x1024.png 724w, https:\/\/vibes-brand.com\/wp-content\/uploads\/2024\/08\/16-768x1086.png 768w, https:\/\/vibes-brand.com\/wp-content\/uploads\/2024\/08\/16-1086x1536.png 1086w, https:\/\/vibes-brand.com\/wp-content\/uploads\/2024\/08\/16-1448x2048.png 1448w\" sizes=\"auto, (max-width: 2121px) 100vw, 2121px\" \/><\/p>","protected":false},"excerpt":{"rendered":"<p><span class=\"OYPEnA text-decoration-none text-strikethrough-none\">T\u00fai c\u1ee7a ch\u00fang t\u00f4i<\/span> <span class=\"OYPEnA text-decoration-none text-strikethrough-none\">\u0111\u01b0\u1ee3c l\u00e0m b\u1eb1ng v\u1eadt li\u1ec7u ch\u1ea5t l\u01b0\u1ee3ng cao v\u00e0 thi\u1ebft k\u1ebf thanh l\u1ecbch. Ch\u00fang t\u00f4i cung c\u1ea5p c\u00e1c s\u1ea3n ph\u1ea9m b\u1ec1n v\u1eefng, ch\u1ed1ng m\u00e0i m\u00f2n. T\u00fai x\u00e1ch c\u1ee7a Vibes s\u1ebd mang \u0111\u1ebfn n\u00e9t sang tr\u1ecdng v\u00e0 h\u1ee3p th\u1eddi trang cho phong c\u00e1ch h\u00e0ng ng\u00e0y c\u1ee7a b\u1ea1n!<\/span><\/p>\n<p>&nbsp;<\/p>\n<p>&nbsp;<\/p>","protected":false},"featured_media":3795,"template":"","meta":[],"product_brand":[],"product_cat":[16],"product_tag":[],"class_list":{"0":"post-3819","1":"product","2":"type-product","3":"status-publish","4":"has-post-thumbnail","6":"product_cat-canvas-tote","8":"first","9":"instock","10":"taxable","11":"shipping-taxable","12":"purchasable","13":"product-type-simple"},"_links":{"self":[{"href":"https:\/\/vibes-brand.com\/vi\/wp-json\/wp\/v2\/product\/3819","targetHints":{"allow":["GET"]}}],"collection":[{"href":"https:\/\/vibes-brand.com\/vi\/wp-json\/wp\/v2\/product"}],"about":[{"href":"https:\/\/vibes-brand.com\/vi\/wp-json\/wp\/v2\/types\/product"}],"wp:featuredmedia":[{"embeddable":true,"href":"https:\/\/vibes-brand.com\/vi\/wp-json\/wp\/v2\/media\/3795"}],"wp:attachment":[{"href":"https:\/\/vibes-brand.com\/vi\/wp-json\/wp\/v2\/media?parent=3819"}],"wp:term":[{"taxonomy":"product_brand","embeddable":true,"href":"https:\/\/vibes-brand.com\/vi\/wp-json\/wp\/v2\/product_brand?post=3819"},{"taxonomy":"product_cat","embeddable":true,"href":"https:\/\/vibes-brand.com\/vi\/wp-json\/wp\/v2\/product_cat?post=3819"},{"taxonomy":"product_tag","embeddable":true,"href":"https:\/\/vibes-brand.com\/vi\/wp-json\/wp\/v2\/product_tag?post=3819"}],"curies":[{"name":"wp","href":"https:\/\/api.w.org\/{rel}","templated":true}]}}