{"id":3761,"date":"2024-10-22T03:54:12","date_gmt":"2024-10-21T20:54:12","guid":{"rendered":"https:\/\/vibes-brand.com\/?post_type=product&#038;p=3761"},"modified":"2024-10-22T03:55:49","modified_gmt":"2024-10-21T20:55:49","slug":"blue-fleur-tote","status":"publish","type":"product","link":"https:\/\/vibes-brand.com\/vi\/san-pham\/blue-fleur-tote\/","title":{"rendered":"T\u00fai tote Blue Fleur"},"content":{"rendered":"<p>&nbsp;<\/p>\n<p><img loading=\"lazy\" decoding=\"async\" class=\"alignnone wp-image-3707 size-full\" src=\"https:\/\/vibes-brand.com\/wp-content\/uploads\/2024\/10\/231203-VIBES-491-3-scaled.jpeg\" alt=\"\" width=\"1914\" height=\"2560\" srcset=\"https:\/\/vibes-brand.com\/wp-content\/uploads\/2024\/10\/231203-VIBES-491-3-scaled.jpeg 1914w, https:\/\/vibes-brand.com\/wp-content\/uploads\/2024\/10\/231203-VIBES-491-3-scaled-1028x1375.jpeg 1028w, https:\/\/vibes-brand.com\/wp-content\/uploads\/2024\/10\/231203-VIBES-491-3-224x300.jpeg 224w, https:\/\/vibes-brand.com\/wp-content\/uploads\/2024\/10\/231203-VIBES-491-3-766x1024.jpeg 766w, https:\/\/vibes-brand.com\/wp-content\/uploads\/2024\/10\/231203-VIBES-491-3-768x1027.jpeg 768w, https:\/\/vibes-brand.com\/wp-content\/uploads\/2024\/10\/231203-VIBES-491-3-1148x1536.jpeg 1148w, https:\/\/vibes-brand.com\/wp-content\/uploads\/2024\/10\/231203-VIBES-491-3-1531x2048.jpeg 1531w\" sizes=\"auto, (max-width: 1914px) 100vw, 1914px\" \/> <img loading=\"lazy\" decoding=\"async\" class=\"alignnone wp-image-3708 size-full\" src=\"https:\/\/vibes-brand.com\/wp-content\/uploads\/2024\/10\/231203-VIBES-494-2-scaled.jpeg\" alt=\"\" width=\"1813\" height=\"2560\" srcset=\"https:\/\/vibes-brand.com\/wp-content\/uploads\/2024\/10\/231203-VIBES-494-2-scaled.jpeg 1813w, https:\/\/vibes-brand.com\/wp-content\/uploads\/2024\/10\/231203-VIBES-494-2-scaled-1028x1452.jpeg 1028w, https:\/\/vibes-brand.com\/wp-content\/uploads\/2024\/10\/231203-VIBES-494-2-212x300.jpeg 212w, https:\/\/vibes-brand.com\/wp-content\/uploads\/2024\/10\/231203-VIBES-494-2-725x1024.jpeg 725w, https:\/\/vibes-brand.com\/wp-content\/uploads\/2024\/10\/231203-VIBES-494-2-768x1084.jpeg 768w, https:\/\/vibes-brand.com\/wp-content\/uploads\/2024\/10\/231203-VIBES-494-2-1088x1536.jpeg 1088w, https:\/\/vibes-brand.com\/wp-content\/uploads\/2024\/10\/231203-VIBES-494-2-1450x2048.jpeg 1450w\" sizes=\"auto, (max-width: 1813px) 100vw, 1813px\" \/><\/p>\n<p><img loading=\"lazy\" decoding=\"async\" class=\"aligncenter wp-image-3136 size-full\" src=\"https:\/\/vibes-brand.com\/wp-content\/uploads\/2023\/11\/15.png\" alt=\"\" width=\"1080\" height=\"1080\" srcset=\"https:\/\/vibes-brand.com\/wp-content\/uploads\/2023\/11\/15.png 1080w, https:\/\/vibes-brand.com\/wp-content\/uploads\/2023\/11\/15-100x100.png 100w, https:\/\/vibes-brand.com\/wp-content\/uploads\/2023\/11\/15-1028x1028.png 1028w, https:\/\/vibes-brand.com\/wp-content\/uploads\/2023\/11\/15-300x300.png 300w, https:\/\/vibes-brand.com\/wp-content\/uploads\/2023\/11\/15-1024x1024.png 1024w, https:\/\/vibes-brand.com\/wp-content\/uploads\/2023\/11\/15-150x150.png 150w, https:\/\/vibes-brand.com\/wp-content\/uploads\/2023\/11\/15-768x768.png 768w\" sizes=\"auto, (max-width: 1080px) 100vw, 1080px\" \/><\/p>","protected":false},"excerpt":{"rendered":"<p>&nbsp;<\/p>\n<p><span class=\"OYPEnA text-decoration-none text-strikethrough-none\">Our printed tote<\/span>\u00a0<span class=\"OYPEnA text-decoration-none text-strikethrough-none\">\u0111\u01b0\u1ee3c l\u00e0m b\u1eb1ng v\u1eadt li\u1ec7u ch\u1ea5t l\u01b0\u1ee3ng cao v\u00e0 thi\u1ebft k\u1ebf thanh l\u1ecbch. Ch\u00fang t\u00f4i cung c\u1ea5p c\u00e1c s\u1ea3n ph\u1ea9m b\u1ec1n v\u1eefng, ch\u1ed1ng m\u00e0i m\u00f2n. T\u00fai x\u00e1ch c\u1ee7a Vibes s\u1ebd mang \u0111\u1ebfn n\u00e9t sang tr\u1ecdng v\u00e0 h\u1ee3p th\u1eddi trang cho phong c\u00e1ch h\u00e0ng ng\u00e0y c\u1ee7a b\u1ea1n!<\/span><\/p>","protected":false},"featured_media":3707,"template":"","meta":[],"product_brand":[],"product_cat":[16,17],"product_tag":[],"class_list":{"0":"post-3761","1":"product","2":"type-product","3":"status-publish","4":"has-post-thumbnail","6":"product_cat-canvas-tote","7":"product_cat-micro-duchess-tote","9":"first","10":"instock","11":"taxable","12":"shipping-taxable","13":"purchasable","14":"product-type-variable"},"_links":{"self":[{"href":"https:\/\/vibes-brand.com\/vi\/wp-json\/wp\/v2\/product\/3761","targetHints":{"allow":["GET"]}}],"collection":[{"href":"https:\/\/vibes-brand.com\/vi\/wp-json\/wp\/v2\/product"}],"about":[{"href":"https:\/\/vibes-brand.com\/vi\/wp-json\/wp\/v2\/types\/product"}],"wp:featuredmedia":[{"embeddable":true,"href":"https:\/\/vibes-brand.com\/vi\/wp-json\/wp\/v2\/media\/3707"}],"wp:attachment":[{"href":"https:\/\/vibes-brand.com\/vi\/wp-json\/wp\/v2\/media?parent=3761"}],"wp:term":[{"taxonomy":"product_brand","embeddable":true,"href":"https:\/\/vibes-brand.com\/vi\/wp-json\/wp\/v2\/product_brand?post=3761"},{"taxonomy":"product_cat","embeddable":true,"href":"https:\/\/vibes-brand.com\/vi\/wp-json\/wp\/v2\/product_cat?post=3761"},{"taxonomy":"product_tag","embeddable":true,"href":"https:\/\/vibes-brand.com\/vi\/wp-json\/wp\/v2\/product_tag?post=3761"}],"curies":[{"name":"wp","href":"https:\/\/api.w.org\/{rel}","templated":true}]}}