{"id":3679,"date":"2024-10-22T01:54:49","date_gmt":"2024-10-21T18:54:49","guid":{"rendered":"https:\/\/vibes-brand.com\/?post_type=product&#038;p=3679"},"modified":"2024-10-22T03:03:13","modified_gmt":"2024-10-21T20:03:13","slug":"cosmos-blue-tote","status":"publish","type":"product","link":"https:\/\/vibes-brand.com\/vi\/san-pham\/cosmos-blue-tote\/","title":{"rendered":"T\u00fai tote Cosmos Blue"},"content":{"rendered":"<p><img loading=\"lazy\" decoding=\"async\" class=\"alignnone wp-image-3700 size-full\" src=\"https:\/\/vibes-brand.com\/wp-content\/uploads\/2024\/10\/231125-VIBES-25.jpg\" alt=\"\" width=\"1570\" height=\"2000\" srcset=\"https:\/\/vibes-brand.com\/wp-content\/uploads\/2024\/10\/231125-VIBES-25.jpg 1570w, https:\/\/vibes-brand.com\/wp-content\/uploads\/2024\/10\/231125-VIBES-25-1028x1310.jpg 1028w, https:\/\/vibes-brand.com\/wp-content\/uploads\/2024\/10\/231125-VIBES-25-236x300.jpg 236w, https:\/\/vibes-brand.com\/wp-content\/uploads\/2024\/10\/231125-VIBES-25-804x1024.jpg 804w, https:\/\/vibes-brand.com\/wp-content\/uploads\/2024\/10\/231125-VIBES-25-768x978.jpg 768w, https:\/\/vibes-brand.com\/wp-content\/uploads\/2024\/10\/231125-VIBES-25-1206x1536.jpg 1206w\" sizes=\"auto, (max-width: 1570px) 100vw, 1570px\" \/><\/p>\n<p><img loading=\"lazy\" decoding=\"async\" class=\"alignnone wp-image-3709 size-full\" src=\"https:\/\/vibes-brand.com\/wp-content\/uploads\/2024\/10\/231125-VIBES-471.jpeg\" alt=\"\" width=\"2000\" height=\"2480\" srcset=\"https:\/\/vibes-brand.com\/wp-content\/uploads\/2024\/10\/231125-VIBES-471.jpeg 2000w, https:\/\/vibes-brand.com\/wp-content\/uploads\/2024\/10\/231125-VIBES-471-1028x1275.jpeg 1028w, https:\/\/vibes-brand.com\/wp-content\/uploads\/2024\/10\/231125-VIBES-471-242x300.jpeg 242w, https:\/\/vibes-brand.com\/wp-content\/uploads\/2024\/10\/231125-VIBES-471-826x1024.jpeg 826w, https:\/\/vibes-brand.com\/wp-content\/uploads\/2024\/10\/231125-VIBES-471-768x952.jpeg 768w, https:\/\/vibes-brand.com\/wp-content\/uploads\/2024\/10\/231125-VIBES-471-1239x1536.jpeg 1239w, https:\/\/vibes-brand.com\/wp-content\/uploads\/2024\/10\/231125-VIBES-471-1652x2048.jpeg 1652w\" sizes=\"auto, (max-width: 2000px) 100vw, 2000px\" \/><\/p>\n<p><img loading=\"lazy\" decoding=\"async\" class=\"alignnone wp-image-3682 size-full\" src=\"https:\/\/vibes-brand.com\/wp-content\/uploads\/2024\/10\/231125-VIBES-17.jpg\" alt=\"\" width=\"1500\" height=\"2022\" srcset=\"https:\/\/vibes-brand.com\/wp-content\/uploads\/2024\/10\/231125-VIBES-17.jpg 1500w, https:\/\/vibes-brand.com\/wp-content\/uploads\/2024\/10\/231125-VIBES-17-1028x1386.jpg 1028w, https:\/\/vibes-brand.com\/wp-content\/uploads\/2024\/10\/231125-VIBES-17-223x300.jpg 223w, https:\/\/vibes-brand.com\/wp-content\/uploads\/2024\/10\/231125-VIBES-17-760x1024.jpg 760w, https:\/\/vibes-brand.com\/wp-content\/uploads\/2024\/10\/231125-VIBES-17-768x1035.jpg 768w, https:\/\/vibes-brand.com\/wp-content\/uploads\/2024\/10\/231125-VIBES-17-1139x1536.jpg 1139w\" sizes=\"auto, (max-width: 1500px) 100vw, 1500px\" \/> <img loading=\"lazy\" decoding=\"async\" class=\"alignnone wp-image-3683 size-full\" src=\"https:\/\/vibes-brand.com\/wp-content\/uploads\/2024\/10\/231125-VIBES-413-scaled.jpeg\" alt=\"\" width=\"1705\" height=\"2560\" srcset=\"https:\/\/vibes-brand.com\/wp-content\/uploads\/2024\/10\/231125-VIBES-413-scaled.jpeg 1705w, https:\/\/vibes-brand.com\/wp-content\/uploads\/2024\/10\/231125-VIBES-413-scaled-1028x1544.jpeg 1028w, https:\/\/vibes-brand.com\/wp-content\/uploads\/2024\/10\/231125-VIBES-413-200x300.jpeg 200w, https:\/\/vibes-brand.com\/wp-content\/uploads\/2024\/10\/231125-VIBES-413-682x1024.jpeg 682w, https:\/\/vibes-brand.com\/wp-content\/uploads\/2024\/10\/231125-VIBES-413-768x1153.jpeg 768w, https:\/\/vibes-brand.com\/wp-content\/uploads\/2024\/10\/231125-VIBES-413-1023x1536.jpeg 1023w, https:\/\/vibes-brand.com\/wp-content\/uploads\/2024\/10\/231125-VIBES-413-1364x2048.jpeg 1364w\" sizes=\"auto, (max-width: 1705px) 100vw, 1705px\" \/> <img loading=\"lazy\" decoding=\"async\" class=\"alignnone wp-image-3685 size-full\" src=\"https:\/\/vibes-brand.com\/wp-content\/uploads\/2024\/10\/231125-VIBES-410-scaled.jpeg\" alt=\"\" width=\"1705\" height=\"2560\" srcset=\"https:\/\/vibes-brand.com\/wp-content\/uploads\/2024\/10\/231125-VIBES-410-scaled.jpeg 1705w, https:\/\/vibes-brand.com\/wp-content\/uploads\/2024\/10\/231125-VIBES-410-scaled-1028x1544.jpeg 1028w, https:\/\/vibes-brand.com\/wp-content\/uploads\/2024\/10\/231125-VIBES-410-200x300.jpeg 200w, https:\/\/vibes-brand.com\/wp-content\/uploads\/2024\/10\/231125-VIBES-410-682x1024.jpeg 682w, https:\/\/vibes-brand.com\/wp-content\/uploads\/2024\/10\/231125-VIBES-410-768x1153.jpeg 768w, https:\/\/vibes-brand.com\/wp-content\/uploads\/2024\/10\/231125-VIBES-410-1023x1536.jpeg 1023w, https:\/\/vibes-brand.com\/wp-content\/uploads\/2024\/10\/231125-VIBES-410-1364x2048.jpeg 1364w\" sizes=\"auto, (max-width: 1705px) 100vw, 1705px\" \/><\/p>\n<p><img loading=\"lazy\" decoding=\"async\" class=\"alignnone wp-image-3396 size-full\" src=\"https:\/\/vibes-brand.com\/wp-content\/uploads\/2023\/12\/ABAFCFAF-7F30-4B38-8BC3-521FEE34B070.png\" alt=\"\" width=\"540\" height=\"540\" srcset=\"https:\/\/vibes-brand.com\/wp-content\/uploads\/2023\/12\/ABAFCFAF-7F30-4B38-8BC3-521FEE34B070.png 540w, https:\/\/vibes-brand.com\/wp-content\/uploads\/2023\/12\/ABAFCFAF-7F30-4B38-8BC3-521FEE34B070-100x100.png 100w, https:\/\/vibes-brand.com\/wp-content\/uploads\/2023\/12\/ABAFCFAF-7F30-4B38-8BC3-521FEE34B070-300x300.png 300w, https:\/\/vibes-brand.com\/wp-content\/uploads\/2023\/12\/ABAFCFAF-7F30-4B38-8BC3-521FEE34B070-150x150.png 150w\" sizes=\"auto, (max-width: 540px) 100vw, 540px\" \/><\/p>\n<p><img loading=\"lazy\" decoding=\"async\" class=\"aligncenter wp-image-3136 size-full\" src=\"https:\/\/vibes-brand.com\/wp-content\/uploads\/2023\/11\/15.png\" alt=\"\" width=\"1080\" height=\"1080\" srcset=\"https:\/\/vibes-brand.com\/wp-content\/uploads\/2023\/11\/15.png 1080w, https:\/\/vibes-brand.com\/wp-content\/uploads\/2023\/11\/15-100x100.png 100w, https:\/\/vibes-brand.com\/wp-content\/uploads\/2023\/11\/15-1028x1028.png 1028w, https:\/\/vibes-brand.com\/wp-content\/uploads\/2023\/11\/15-300x300.png 300w, https:\/\/vibes-brand.com\/wp-content\/uploads\/2023\/11\/15-1024x1024.png 1024w, https:\/\/vibes-brand.com\/wp-content\/uploads\/2023\/11\/15-150x150.png 150w, https:\/\/vibes-brand.com\/wp-content\/uploads\/2023\/11\/15-768x768.png 768w\" sizes=\"auto, (max-width: 1080px) 100vw, 1080px\" \/><\/p>","protected":false},"excerpt":{"rendered":"<p>&nbsp;<\/p>\n<p><span class=\"OYPEnA text-decoration-none text-strikethrough-none\">Our printed tote<\/span>\u00a0<span class=\"OYPEnA text-decoration-none text-strikethrough-none\">\u0111\u01b0\u1ee3c l\u00e0m b\u1eb1ng v\u1eadt li\u1ec7u ch\u1ea5t l\u01b0\u1ee3ng cao v\u00e0 thi\u1ebft k\u1ebf thanh l\u1ecbch. Ch\u00fang t\u00f4i cung c\u1ea5p c\u00e1c s\u1ea3n ph\u1ea9m b\u1ec1n v\u1eefng, ch\u1ed1ng m\u00e0i m\u00f2n. T\u00fai x\u00e1ch c\u1ee7a Vibes s\u1ebd mang \u0111\u1ebfn n\u00e9t sang tr\u1ecdng v\u00e0 h\u1ee3p th\u1eddi trang cho phong c\u00e1ch h\u00e0ng ng\u00e0y c\u1ee7a b\u1ea1n!<\/span><\/p>","protected":false},"featured_media":0,"template":"","meta":[],"product_brand":[],"product_cat":[16,17],"product_tag":[],"class_list":{"0":"post-3679","1":"product","2":"type-product","3":"status-publish","5":"product_cat-canvas-tote","6":"product_cat-micro-duchess-tote","8":"first","9":"instock","10":"taxable","11":"shipping-taxable","12":"purchasable","13":"product-type-variable"},"_links":{"self":[{"href":"https:\/\/vibes-brand.com\/vi\/wp-json\/wp\/v2\/product\/3679","targetHints":{"allow":["GET"]}}],"collection":[{"href":"https:\/\/vibes-brand.com\/vi\/wp-json\/wp\/v2\/product"}],"about":[{"href":"https:\/\/vibes-brand.com\/vi\/wp-json\/wp\/v2\/types\/product"}],"wp:attachment":[{"href":"https:\/\/vibes-brand.com\/vi\/wp-json\/wp\/v2\/media?parent=3679"}],"wp:term":[{"taxonomy":"product_brand","embeddable":true,"href":"https:\/\/vibes-brand.com\/vi\/wp-json\/wp\/v2\/product_brand?post=3679"},{"taxonomy":"product_cat","embeddable":true,"href":"https:\/\/vibes-brand.com\/vi\/wp-json\/wp\/v2\/product_cat?post=3679"},{"taxonomy":"product_tag","embeddable":true,"href":"https:\/\/vibes-brand.com\/vi\/wp-json\/wp\/v2\/product_tag?post=3679"}],"curies":[{"name":"wp","href":"https:\/\/api.w.org\/{rel}","templated":true}]}}