{"id":3672,"date":"2024-10-22T01:50:12","date_gmt":"2024-10-21T18:50:12","guid":{"rendered":"https:\/\/vibes-brand.com\/?post_type=product&#038;p=3672"},"modified":"2024-10-22T01:54:09","modified_gmt":"2024-10-21T18:54:09","slug":"design-blue-tote","status":"publish","type":"product","link":"https:\/\/vibes-brand.com\/vi\/san-pham\/design-blue-tote\/","title":{"rendered":"Thi\u1ebft k\u1ebf t\u00fai Tote m\u00e0u xanh"},"content":{"rendered":"<p><img loading=\"lazy\" decoding=\"async\" class=\"alignnone size-full wp-image-3675\" src=\"https:\/\/vibes-brand.com\/wp-content\/uploads\/2024\/10\/231203-VIBES-795-scaled.jpeg\" alt=\"\" width=\"1705\" height=\"2560\" srcset=\"https:\/\/vibes-brand.com\/wp-content\/uploads\/2024\/10\/231203-VIBES-795-scaled.jpeg 1705w, https:\/\/vibes-brand.com\/wp-content\/uploads\/2024\/10\/231203-VIBES-795-scaled-1028x1544.jpeg 1028w, https:\/\/vibes-brand.com\/wp-content\/uploads\/2024\/10\/231203-VIBES-795-200x300.jpeg 200w, https:\/\/vibes-brand.com\/wp-content\/uploads\/2024\/10\/231203-VIBES-795-682x1024.jpeg 682w, https:\/\/vibes-brand.com\/wp-content\/uploads\/2024\/10\/231203-VIBES-795-768x1153.jpeg 768w, https:\/\/vibes-brand.com\/wp-content\/uploads\/2024\/10\/231203-VIBES-795-1023x1536.jpeg 1023w, https:\/\/vibes-brand.com\/wp-content\/uploads\/2024\/10\/231203-VIBES-795-1364x2048.jpeg 1364w\" sizes=\"auto, (max-width: 1705px) 100vw, 1705px\" \/> <img loading=\"lazy\" decoding=\"async\" class=\"alignnone size-full wp-image-3676\" src=\"https:\/\/vibes-brand.com\/wp-content\/uploads\/2024\/10\/231203-VIBES-792-scaled.jpeg\" alt=\"\" width=\"1705\" height=\"2560\" srcset=\"https:\/\/vibes-brand.com\/wp-content\/uploads\/2024\/10\/231203-VIBES-792-scaled.jpeg 1705w, https:\/\/vibes-brand.com\/wp-content\/uploads\/2024\/10\/231203-VIBES-792-scaled-1028x1544.jpeg 1028w, https:\/\/vibes-brand.com\/wp-content\/uploads\/2024\/10\/231203-VIBES-792-200x300.jpeg 200w, https:\/\/vibes-brand.com\/wp-content\/uploads\/2024\/10\/231203-VIBES-792-682x1024.jpeg 682w, https:\/\/vibes-brand.com\/wp-content\/uploads\/2024\/10\/231203-VIBES-792-768x1153.jpeg 768w, https:\/\/vibes-brand.com\/wp-content\/uploads\/2024\/10\/231203-VIBES-792-1023x1536.jpeg 1023w, https:\/\/vibes-brand.com\/wp-content\/uploads\/2024\/10\/231203-VIBES-792-1364x2048.jpeg 1364w\" sizes=\"auto, (max-width: 1705px) 100vw, 1705px\" \/> <img loading=\"lazy\" decoding=\"async\" class=\"alignnone size-full wp-image-3677\" src=\"https:\/\/vibes-brand.com\/wp-content\/uploads\/2024\/10\/231203-VIBES-793-scaled.jpeg\" alt=\"\" width=\"1705\" height=\"2560\" srcset=\"https:\/\/vibes-brand.com\/wp-content\/uploads\/2024\/10\/231203-VIBES-793-scaled.jpeg 1705w, https:\/\/vibes-brand.com\/wp-content\/uploads\/2024\/10\/231203-VIBES-793-scaled-1028x1544.jpeg 1028w, https:\/\/vibes-brand.com\/wp-content\/uploads\/2024\/10\/231203-VIBES-793-200x300.jpeg 200w, https:\/\/vibes-brand.com\/wp-content\/uploads\/2024\/10\/231203-VIBES-793-682x1024.jpeg 682w, https:\/\/vibes-brand.com\/wp-content\/uploads\/2024\/10\/231203-VIBES-793-768x1153.jpeg 768w, https:\/\/vibes-brand.com\/wp-content\/uploads\/2024\/10\/231203-VIBES-793-1023x1536.jpeg 1023w, https:\/\/vibes-brand.com\/wp-content\/uploads\/2024\/10\/231203-VIBES-793-1364x2048.jpeg 1364w\" sizes=\"auto, (max-width: 1705px) 100vw, 1705px\" \/> <img loading=\"lazy\" decoding=\"async\" class=\"alignnone size-full wp-image-3678\" src=\"https:\/\/vibes-brand.com\/wp-content\/uploads\/2024\/10\/231203-VIBES-798-scaled.jpeg\" alt=\"\" width=\"1705\" height=\"2560\" srcset=\"https:\/\/vibes-brand.com\/wp-content\/uploads\/2024\/10\/231203-VIBES-798-scaled.jpeg 1705w, https:\/\/vibes-brand.com\/wp-content\/uploads\/2024\/10\/231203-VIBES-798-scaled-1028x1544.jpeg 1028w, https:\/\/vibes-brand.com\/wp-content\/uploads\/2024\/10\/231203-VIBES-798-200x300.jpeg 200w, https:\/\/vibes-brand.com\/wp-content\/uploads\/2024\/10\/231203-VIBES-798-682x1024.jpeg 682w, https:\/\/vibes-brand.com\/wp-content\/uploads\/2024\/10\/231203-VIBES-798-768x1153.jpeg 768w, https:\/\/vibes-brand.com\/wp-content\/uploads\/2024\/10\/231203-VIBES-798-1023x1536.jpeg 1023w, https:\/\/vibes-brand.com\/wp-content\/uploads\/2024\/10\/231203-VIBES-798-1364x2048.jpeg 1364w\" sizes=\"auto, (max-width: 1705px) 100vw, 1705px\" \/><\/p>\n<p><img loading=\"lazy\" decoding=\"async\" class=\"aligncenter wp-image-3136 size-full\" src=\"https:\/\/vibes-brand.com\/wp-content\/uploads\/2023\/11\/15.png\" alt=\"\" width=\"1080\" height=\"1080\" srcset=\"https:\/\/vibes-brand.com\/wp-content\/uploads\/2023\/11\/15.png 1080w, https:\/\/vibes-brand.com\/wp-content\/uploads\/2023\/11\/15-100x100.png 100w, https:\/\/vibes-brand.com\/wp-content\/uploads\/2023\/11\/15-1028x1028.png 1028w, https:\/\/vibes-brand.com\/wp-content\/uploads\/2023\/11\/15-300x300.png 300w, https:\/\/vibes-brand.com\/wp-content\/uploads\/2023\/11\/15-1024x1024.png 1024w, https:\/\/vibes-brand.com\/wp-content\/uploads\/2023\/11\/15-150x150.png 150w, https:\/\/vibes-brand.com\/wp-content\/uploads\/2023\/11\/15-768x768.png 768w\" sizes=\"auto, (max-width: 1080px) 100vw, 1080px\" \/><\/p>","protected":false},"excerpt":{"rendered":"<p>&nbsp;<\/p>\n<p><span class=\"OYPEnA text-decoration-none text-strikethrough-none\">Our printed tote<\/span>\u00a0<span class=\"OYPEnA text-decoration-none text-strikethrough-none\">\u0111\u01b0\u1ee3c l\u00e0m b\u1eb1ng v\u1eadt li\u1ec7u ch\u1ea5t l\u01b0\u1ee3ng cao v\u00e0 thi\u1ebft k\u1ebf thanh l\u1ecbch. Ch\u00fang t\u00f4i cung c\u1ea5p c\u00e1c s\u1ea3n ph\u1ea9m b\u1ec1n v\u1eefng, ch\u1ed1ng m\u00e0i m\u00f2n. T\u00fai x\u00e1ch c\u1ee7a Vibes s\u1ebd mang \u0111\u1ebfn n\u00e9t sang tr\u1ecdng v\u00e0 h\u1ee3p th\u1eddi trang cho phong c\u00e1ch h\u00e0ng ng\u00e0y c\u1ee7a b\u1ea1n!<\/span><\/p>","protected":false},"featured_media":3675,"template":"","meta":[],"product_brand":[],"product_cat":[16,17],"product_tag":[],"class_list":{"0":"post-3672","1":"product","2":"type-product","3":"status-publish","4":"has-post-thumbnail","6":"product_cat-canvas-tote","7":"product_cat-micro-duchess-tote","9":"first","10":"instock","11":"taxable","12":"shipping-taxable","13":"purchasable","14":"product-type-variable"},"_links":{"self":[{"href":"https:\/\/vibes-brand.com\/vi\/wp-json\/wp\/v2\/product\/3672","targetHints":{"allow":["GET"]}}],"collection":[{"href":"https:\/\/vibes-brand.com\/vi\/wp-json\/wp\/v2\/product"}],"about":[{"href":"https:\/\/vibes-brand.com\/vi\/wp-json\/wp\/v2\/types\/product"}],"wp:featuredmedia":[{"embeddable":true,"href":"https:\/\/vibes-brand.com\/vi\/wp-json\/wp\/v2\/media\/3675"}],"wp:attachment":[{"href":"https:\/\/vibes-brand.com\/vi\/wp-json\/wp\/v2\/media?parent=3672"}],"wp:term":[{"taxonomy":"product_brand","embeddable":true,"href":"https:\/\/vibes-brand.com\/vi\/wp-json\/wp\/v2\/product_brand?post=3672"},{"taxonomy":"product_cat","embeddable":true,"href":"https:\/\/vibes-brand.com\/vi\/wp-json\/wp\/v2\/product_cat?post=3672"},{"taxonomy":"product_tag","embeddable":true,"href":"https:\/\/vibes-brand.com\/vi\/wp-json\/wp\/v2\/product_tag?post=3672"}],"curies":[{"name":"wp","href":"https:\/\/api.w.org\/{rel}","templated":true}]}}