{"id":3629,"date":"2024-10-22T00:54:14","date_gmt":"2024-10-21T17:54:14","guid":{"rendered":"https:\/\/vibes-brand.com\/?post_type=product&#038;p=3629"},"modified":"2024-10-22T01:00:52","modified_gmt":"2024-10-21T18:00:52","slug":"cosmos-green-tote","status":"publish","type":"product","link":"https:\/\/vibes-brand.com\/vi\/san-pham\/cosmos-green-tote\/","title":{"rendered":"Cosmos Green Tote"},"content":{"rendered":"<p><img loading=\"lazy\" decoding=\"async\" class=\"alignnone size-full wp-image-3634\" src=\"https:\/\/vibes-brand.com\/wp-content\/uploads\/2024\/10\/S10_0781-scaled.jpg\" alt=\"\" width=\"2048\" height=\"2560\" srcset=\"https:\/\/vibes-brand.com\/wp-content\/uploads\/2024\/10\/S10_0781-scaled.jpg 2048w, https:\/\/vibes-brand.com\/wp-content\/uploads\/2024\/10\/S10_0781-scaled-1028x1285.jpg 1028w, https:\/\/vibes-brand.com\/wp-content\/uploads\/2024\/10\/S10_0781-240x300.jpg 240w, https:\/\/vibes-brand.com\/wp-content\/uploads\/2024\/10\/S10_0781-819x1024.jpg 819w, https:\/\/vibes-brand.com\/wp-content\/uploads\/2024\/10\/S10_0781-768x960.jpg 768w, https:\/\/vibes-brand.com\/wp-content\/uploads\/2024\/10\/S10_0781-1229x1536.jpg 1229w, https:\/\/vibes-brand.com\/wp-content\/uploads\/2024\/10\/S10_0781-1638x2048.jpg 1638w\" sizes=\"auto, (max-width: 2048px) 100vw, 2048px\" \/> <img loading=\"lazy\" decoding=\"async\" class=\"alignnone size-full wp-image-3636\" src=\"https:\/\/vibes-brand.com\/wp-content\/uploads\/2024\/10\/S10_0765-scaled.jpeg\" alt=\"\" width=\"2048\" height=\"2560\" srcset=\"https:\/\/vibes-brand.com\/wp-content\/uploads\/2024\/10\/S10_0765-scaled.jpeg 2048w, https:\/\/vibes-brand.com\/wp-content\/uploads\/2024\/10\/S10_0765-scaled-1028x1285.jpeg 1028w, https:\/\/vibes-brand.com\/wp-content\/uploads\/2024\/10\/S10_0765-240x300.jpeg 240w, https:\/\/vibes-brand.com\/wp-content\/uploads\/2024\/10\/S10_0765-819x1024.jpeg 819w, https:\/\/vibes-brand.com\/wp-content\/uploads\/2024\/10\/S10_0765-768x960.jpeg 768w, https:\/\/vibes-brand.com\/wp-content\/uploads\/2024\/10\/S10_0765-1229x1536.jpeg 1229w, https:\/\/vibes-brand.com\/wp-content\/uploads\/2024\/10\/S10_0765-1638x2048.jpeg 1638w\" sizes=\"auto, (max-width: 2048px) 100vw, 2048px\" \/> <img loading=\"lazy\" decoding=\"async\" class=\"alignnone size-full wp-image-3635\" src=\"https:\/\/vibes-brand.com\/wp-content\/uploads\/2024\/10\/S10_0768-scaled.jpeg\" alt=\"\" width=\"2048\" height=\"2560\" srcset=\"https:\/\/vibes-brand.com\/wp-content\/uploads\/2024\/10\/S10_0768-scaled.jpeg 2048w, https:\/\/vibes-brand.com\/wp-content\/uploads\/2024\/10\/S10_0768-scaled-1028x1285.jpeg 1028w, https:\/\/vibes-brand.com\/wp-content\/uploads\/2024\/10\/S10_0768-240x300.jpeg 240w, https:\/\/vibes-brand.com\/wp-content\/uploads\/2024\/10\/S10_0768-819x1024.jpeg 819w, https:\/\/vibes-brand.com\/wp-content\/uploads\/2024\/10\/S10_0768-768x960.jpeg 768w, https:\/\/vibes-brand.com\/wp-content\/uploads\/2024\/10\/S10_0768-1229x1536.jpeg 1229w, https:\/\/vibes-brand.com\/wp-content\/uploads\/2024\/10\/S10_0768-1639x2048.jpeg 1639w\" sizes=\"auto, (max-width: 2048px) 100vw, 2048px\" \/> <img loading=\"lazy\" decoding=\"async\" class=\"alignnone size-full wp-image-3633\" src=\"https:\/\/vibes-brand.com\/wp-content\/uploads\/2024\/10\/S10_0793-scaled.jpg\" alt=\"\" width=\"2048\" height=\"2560\" srcset=\"https:\/\/vibes-brand.com\/wp-content\/uploads\/2024\/10\/S10_0793-scaled.jpg 2048w, https:\/\/vibes-brand.com\/wp-content\/uploads\/2024\/10\/S10_0793-scaled-1028x1285.jpg 1028w, https:\/\/vibes-brand.com\/wp-content\/uploads\/2024\/10\/S10_0793-240x300.jpg 240w, https:\/\/vibes-brand.com\/wp-content\/uploads\/2024\/10\/S10_0793-819x1024.jpg 819w, https:\/\/vibes-brand.com\/wp-content\/uploads\/2024\/10\/S10_0793-768x960.jpg 768w, https:\/\/vibes-brand.com\/wp-content\/uploads\/2024\/10\/S10_0793-1229x1536.jpg 1229w, https:\/\/vibes-brand.com\/wp-content\/uploads\/2024\/10\/S10_0793-1638x2048.jpg 1638w\" sizes=\"auto, (max-width: 2048px) 100vw, 2048px\" \/> <img loading=\"lazy\" decoding=\"async\" class=\"alignnone size-full wp-image-3632\" src=\"https:\/\/vibes-brand.com\/wp-content\/uploads\/2024\/10\/S10_0769-scaled.jpeg\" alt=\"\" width=\"2048\" height=\"2560\" srcset=\"https:\/\/vibes-brand.com\/wp-content\/uploads\/2024\/10\/S10_0769-scaled.jpeg 2048w, https:\/\/vibes-brand.com\/wp-content\/uploads\/2024\/10\/S10_0769-scaled-1028x1285.jpeg 1028w, https:\/\/vibes-brand.com\/wp-content\/uploads\/2024\/10\/S10_0769-240x300.jpeg 240w, https:\/\/vibes-brand.com\/wp-content\/uploads\/2024\/10\/S10_0769-819x1024.jpeg 819w, https:\/\/vibes-brand.com\/wp-content\/uploads\/2024\/10\/S10_0769-768x960.jpeg 768w, https:\/\/vibes-brand.com\/wp-content\/uploads\/2024\/10\/S10_0769-1229x1536.jpeg 1229w, https:\/\/vibes-brand.com\/wp-content\/uploads\/2024\/10\/S10_0769-1639x2048.jpeg 1639w\" sizes=\"auto, (max-width: 2048px) 100vw, 2048px\" \/><\/p>\n<p><img loading=\"lazy\" decoding=\"async\" class=\"aligncenter wp-image-3136 size-full\" src=\"https:\/\/vibes-brand.com\/wp-content\/uploads\/2023\/11\/15.png\" alt=\"\" width=\"1080\" height=\"1080\" srcset=\"https:\/\/vibes-brand.com\/wp-content\/uploads\/2023\/11\/15.png 1080w, https:\/\/vibes-brand.com\/wp-content\/uploads\/2023\/11\/15-100x100.png 100w, https:\/\/vibes-brand.com\/wp-content\/uploads\/2023\/11\/15-1028x1028.png 1028w, https:\/\/vibes-brand.com\/wp-content\/uploads\/2023\/11\/15-300x300.png 300w, https:\/\/vibes-brand.com\/wp-content\/uploads\/2023\/11\/15-1024x1024.png 1024w, https:\/\/vibes-brand.com\/wp-content\/uploads\/2023\/11\/15-150x150.png 150w, https:\/\/vibes-brand.com\/wp-content\/uploads\/2023\/11\/15-768x768.png 768w\" sizes=\"auto, (max-width: 1080px) 100vw, 1080px\" \/><\/p>","protected":false},"excerpt":{"rendered":"<p>&nbsp;<\/p>\n<p><span class=\"OYPEnA text-decoration-none text-strikethrough-none\">Our printed tote<\/span>\u00a0<span class=\"OYPEnA text-decoration-none text-strikethrough-none\">\u0111\u01b0\u1ee3c l\u00e0m b\u1eb1ng v\u1eadt li\u1ec7u ch\u1ea5t l\u01b0\u1ee3ng cao v\u00e0 thi\u1ebft k\u1ebf thanh l\u1ecbch. Ch\u00fang t\u00f4i cung c\u1ea5p c\u00e1c s\u1ea3n ph\u1ea9m b\u1ec1n v\u1eefng, ch\u1ed1ng m\u00e0i m\u00f2n. T\u00fai x\u00e1ch c\u1ee7a Vibes s\u1ebd mang \u0111\u1ebfn n\u00e9t sang tr\u1ecdng v\u00e0 h\u1ee3p th\u1eddi trang cho phong c\u00e1ch h\u00e0ng ng\u00e0y c\u1ee7a b\u1ea1n!<\/span><\/p>","protected":false},"featured_media":3636,"template":"","meta":[],"product_brand":[],"product_cat":[16,17],"product_tag":[],"class_list":{"0":"post-3629","1":"product","2":"type-product","3":"status-publish","4":"has-post-thumbnail","6":"product_cat-canvas-tote","7":"product_cat-micro-duchess-tote","9":"first","10":"instock","11":"taxable","12":"shipping-taxable","13":"purchasable","14":"product-type-variable"},"_links":{"self":[{"href":"https:\/\/vibes-brand.com\/vi\/wp-json\/wp\/v2\/product\/3629","targetHints":{"allow":["GET"]}}],"collection":[{"href":"https:\/\/vibes-brand.com\/vi\/wp-json\/wp\/v2\/product"}],"about":[{"href":"https:\/\/vibes-brand.com\/vi\/wp-json\/wp\/v2\/types\/product"}],"wp:featuredmedia":[{"embeddable":true,"href":"https:\/\/vibes-brand.com\/vi\/wp-json\/wp\/v2\/media\/3636"}],"wp:attachment":[{"href":"https:\/\/vibes-brand.com\/vi\/wp-json\/wp\/v2\/media?parent=3629"}],"wp:term":[{"taxonomy":"product_brand","embeddable":true,"href":"https:\/\/vibes-brand.com\/vi\/wp-json\/wp\/v2\/product_brand?post=3629"},{"taxonomy":"product_cat","embeddable":true,"href":"https:\/\/vibes-brand.com\/vi\/wp-json\/wp\/v2\/product_cat?post=3629"},{"taxonomy":"product_tag","embeddable":true,"href":"https:\/\/vibes-brand.com\/vi\/wp-json\/wp\/v2\/product_tag?post=3629"}],"curies":[{"name":"wp","href":"https:\/\/api.w.org\/{rel}","templated":true}]}}