{"id":3621,"date":"2024-10-22T00:48:33","date_gmt":"2024-10-21T17:48:33","guid":{"rendered":"https:\/\/vibes-brand.com\/?post_type=product&#038;p=3621"},"modified":"2024-10-22T00:53:30","modified_gmt":"2024-10-21T17:53:30","slug":"sunflower-field-tote","status":"publish","type":"product","link":"https:\/\/vibes-brand.com\/vi\/san-pham\/sunflower-field-tote\/","title":{"rendered":"Sunflower Field Tote"},"content":{"rendered":"<p><img loading=\"lazy\" decoding=\"async\" class=\"alignnone wp-image-3441 size-full\" src=\"https:\/\/vibes-brand.com\/wp-content\/uploads\/2023\/12\/10-1.png\" alt=\"\" width=\"1414\" height=\"2000\" srcset=\"https:\/\/vibes-brand.com\/wp-content\/uploads\/2023\/12\/10-1.png 1414w, https:\/\/vibes-brand.com\/wp-content\/uploads\/2023\/12\/10-1-1028x1454.png 1028w, https:\/\/vibes-brand.com\/wp-content\/uploads\/2023\/12\/10-1-212x300.png 212w, https:\/\/vibes-brand.com\/wp-content\/uploads\/2023\/12\/10-1-724x1024.png 724w, https:\/\/vibes-brand.com\/wp-content\/uploads\/2023\/12\/10-1-768x1086.png 768w, https:\/\/vibes-brand.com\/wp-content\/uploads\/2023\/12\/10-1-1086x1536.png 1086w\" sizes=\"auto, (max-width: 1414px) 100vw, 1414px\" \/><\/p>\n<p><img loading=\"lazy\" decoding=\"async\" class=\"alignnone size-full wp-image-3624\" src=\"https:\/\/vibes-brand.com\/wp-content\/uploads\/2024\/10\/240910-VIBES-866-scaled.jpg\" alt=\"\" width=\"1705\" height=\"2560\" srcset=\"https:\/\/vibes-brand.com\/wp-content\/uploads\/2024\/10\/240910-VIBES-866-scaled.jpg 1705w, https:\/\/vibes-brand.com\/wp-content\/uploads\/2024\/10\/240910-VIBES-866-scaled-1028x1544.jpg 1028w, https:\/\/vibes-brand.com\/wp-content\/uploads\/2024\/10\/240910-VIBES-866-200x300.jpg 200w, https:\/\/vibes-brand.com\/wp-content\/uploads\/2024\/10\/240910-VIBES-866-682x1024.jpg 682w, https:\/\/vibes-brand.com\/wp-content\/uploads\/2024\/10\/240910-VIBES-866-768x1153.jpg 768w, https:\/\/vibes-brand.com\/wp-content\/uploads\/2024\/10\/240910-VIBES-866-1023x1536.jpg 1023w, https:\/\/vibes-brand.com\/wp-content\/uploads\/2024\/10\/240910-VIBES-866-1364x2048.jpg 1364w\" sizes=\"auto, (max-width: 1705px) 100vw, 1705px\" \/> <img loading=\"lazy\" decoding=\"async\" class=\"alignnone size-full wp-image-3625\" src=\"https:\/\/vibes-brand.com\/wp-content\/uploads\/2024\/10\/240910-VIBES-862-scaled.jpg\" alt=\"\" width=\"1705\" height=\"2560\" srcset=\"https:\/\/vibes-brand.com\/wp-content\/uploads\/2024\/10\/240910-VIBES-862-scaled.jpg 1705w, https:\/\/vibes-brand.com\/wp-content\/uploads\/2024\/10\/240910-VIBES-862-scaled-1028x1544.jpg 1028w, https:\/\/vibes-brand.com\/wp-content\/uploads\/2024\/10\/240910-VIBES-862-200x300.jpg 200w, https:\/\/vibes-brand.com\/wp-content\/uploads\/2024\/10\/240910-VIBES-862-682x1024.jpg 682w, https:\/\/vibes-brand.com\/wp-content\/uploads\/2024\/10\/240910-VIBES-862-768x1153.jpg 768w, https:\/\/vibes-brand.com\/wp-content\/uploads\/2024\/10\/240910-VIBES-862-1023x1536.jpg 1023w, https:\/\/vibes-brand.com\/wp-content\/uploads\/2024\/10\/240910-VIBES-862-1364x2048.jpg 1364w\" sizes=\"auto, (max-width: 1705px) 100vw, 1705px\" \/> <img loading=\"lazy\" decoding=\"async\" class=\"alignnone size-full wp-image-3626\" src=\"https:\/\/vibes-brand.com\/wp-content\/uploads\/2024\/10\/240910-VIBES-859-scaled.jpg\" alt=\"\" width=\"1705\" height=\"2560\" srcset=\"https:\/\/vibes-brand.com\/wp-content\/uploads\/2024\/10\/240910-VIBES-859-scaled.jpg 1705w, https:\/\/vibes-brand.com\/wp-content\/uploads\/2024\/10\/240910-VIBES-859-scaled-1028x1544.jpg 1028w, https:\/\/vibes-brand.com\/wp-content\/uploads\/2024\/10\/240910-VIBES-859-200x300.jpg 200w, https:\/\/vibes-brand.com\/wp-content\/uploads\/2024\/10\/240910-VIBES-859-682x1024.jpg 682w, https:\/\/vibes-brand.com\/wp-content\/uploads\/2024\/10\/240910-VIBES-859-768x1153.jpg 768w, https:\/\/vibes-brand.com\/wp-content\/uploads\/2024\/10\/240910-VIBES-859-1023x1536.jpg 1023w, https:\/\/vibes-brand.com\/wp-content\/uploads\/2024\/10\/240910-VIBES-859-1364x2048.jpg 1364w\" sizes=\"auto, (max-width: 1705px) 100vw, 1705px\" \/> <img loading=\"lazy\" decoding=\"async\" class=\"alignnone size-full wp-image-3627\" src=\"https:\/\/vibes-brand.com\/wp-content\/uploads\/2024\/10\/240910-VIBES-865-scaled.jpg\" alt=\"\" width=\"1705\" height=\"2560\" srcset=\"https:\/\/vibes-brand.com\/wp-content\/uploads\/2024\/10\/240910-VIBES-865-scaled.jpg 1705w, https:\/\/vibes-brand.com\/wp-content\/uploads\/2024\/10\/240910-VIBES-865-scaled-1028x1544.jpg 1028w, https:\/\/vibes-brand.com\/wp-content\/uploads\/2024\/10\/240910-VIBES-865-200x300.jpg 200w, https:\/\/vibes-brand.com\/wp-content\/uploads\/2024\/10\/240910-VIBES-865-682x1024.jpg 682w, https:\/\/vibes-brand.com\/wp-content\/uploads\/2024\/10\/240910-VIBES-865-768x1153.jpg 768w, https:\/\/vibes-brand.com\/wp-content\/uploads\/2024\/10\/240910-VIBES-865-1023x1536.jpg 1023w, https:\/\/vibes-brand.com\/wp-content\/uploads\/2024\/10\/240910-VIBES-865-1364x2048.jpg 1364w\" sizes=\"auto, (max-width: 1705px) 100vw, 1705px\" \/> <img loading=\"lazy\" decoding=\"async\" class=\"alignnone size-full wp-image-3628\" src=\"https:\/\/vibes-brand.com\/wp-content\/uploads\/2024\/10\/240910-VIBES-863-scaled.jpg\" alt=\"\" width=\"1705\" height=\"2560\" srcset=\"https:\/\/vibes-brand.com\/wp-content\/uploads\/2024\/10\/240910-VIBES-863-scaled.jpg 1705w, https:\/\/vibes-brand.com\/wp-content\/uploads\/2024\/10\/240910-VIBES-863-scaled-1028x1544.jpg 1028w, https:\/\/vibes-brand.com\/wp-content\/uploads\/2024\/10\/240910-VIBES-863-200x300.jpg 200w, https:\/\/vibes-brand.com\/wp-content\/uploads\/2024\/10\/240910-VIBES-863-682x1024.jpg 682w, https:\/\/vibes-brand.com\/wp-content\/uploads\/2024\/10\/240910-VIBES-863-768x1153.jpg 768w, https:\/\/vibes-brand.com\/wp-content\/uploads\/2024\/10\/240910-VIBES-863-1023x1536.jpg 1023w, https:\/\/vibes-brand.com\/wp-content\/uploads\/2024\/10\/240910-VIBES-863-1364x2048.jpg 1364w\" sizes=\"auto, (max-width: 1705px) 100vw, 1705px\" \/><\/p>\n<p><img loading=\"lazy\" decoding=\"async\" class=\"aligncenter wp-image-3136 size-full\" src=\"https:\/\/vibes-brand.com\/wp-content\/uploads\/2023\/11\/15.png\" alt=\"\" width=\"1080\" height=\"1080\" srcset=\"https:\/\/vibes-brand.com\/wp-content\/uploads\/2023\/11\/15.png 1080w, https:\/\/vibes-brand.com\/wp-content\/uploads\/2023\/11\/15-100x100.png 100w, https:\/\/vibes-brand.com\/wp-content\/uploads\/2023\/11\/15-1028x1028.png 1028w, https:\/\/vibes-brand.com\/wp-content\/uploads\/2023\/11\/15-300x300.png 300w, https:\/\/vibes-brand.com\/wp-content\/uploads\/2023\/11\/15-1024x1024.png 1024w, https:\/\/vibes-brand.com\/wp-content\/uploads\/2023\/11\/15-150x150.png 150w, https:\/\/vibes-brand.com\/wp-content\/uploads\/2023\/11\/15-768x768.png 768w\" sizes=\"auto, (max-width: 1080px) 100vw, 1080px\" \/><\/p>","protected":false},"excerpt":{"rendered":"<p>&nbsp;<\/p>\n<p><span class=\"OYPEnA text-decoration-none text-strikethrough-none\">Our printed tote<\/span>\u00a0<span class=\"OYPEnA text-decoration-none text-strikethrough-none\">\u0111\u01b0\u1ee3c l\u00e0m b\u1eb1ng v\u1eadt li\u1ec7u ch\u1ea5t l\u01b0\u1ee3ng cao v\u00e0 thi\u1ebft k\u1ebf thanh l\u1ecbch. Ch\u00fang t\u00f4i cung c\u1ea5p c\u00e1c s\u1ea3n ph\u1ea9m b\u1ec1n v\u1eefng, ch\u1ed1ng m\u00e0i m\u00f2n. T\u00fai x\u00e1ch c\u1ee7a Vibes s\u1ebd mang \u0111\u1ebfn n\u00e9t sang tr\u1ecdng v\u00e0 h\u1ee3p th\u1eddi trang cho phong c\u00e1ch h\u00e0ng ng\u00e0y c\u1ee7a b\u1ea1n!<\/span><\/p>","protected":false},"featured_media":3627,"template":"","meta":[],"product_brand":[],"product_cat":[16,17],"product_tag":[],"class_list":{"0":"post-3621","1":"product","2":"type-product","3":"status-publish","4":"has-post-thumbnail","6":"product_cat-canvas-tote","7":"product_cat-micro-duchess-tote","9":"first","10":"instock","11":"taxable","12":"shipping-taxable","13":"purchasable","14":"product-type-variable"},"_links":{"self":[{"href":"https:\/\/vibes-brand.com\/vi\/wp-json\/wp\/v2\/product\/3621","targetHints":{"allow":["GET"]}}],"collection":[{"href":"https:\/\/vibes-brand.com\/vi\/wp-json\/wp\/v2\/product"}],"about":[{"href":"https:\/\/vibes-brand.com\/vi\/wp-json\/wp\/v2\/types\/product"}],"wp:featuredmedia":[{"embeddable":true,"href":"https:\/\/vibes-brand.com\/vi\/wp-json\/wp\/v2\/media\/3627"}],"wp:attachment":[{"href":"https:\/\/vibes-brand.com\/vi\/wp-json\/wp\/v2\/media?parent=3621"}],"wp:term":[{"taxonomy":"product_brand","embeddable":true,"href":"https:\/\/vibes-brand.com\/vi\/wp-json\/wp\/v2\/product_brand?post=3621"},{"taxonomy":"product_cat","embeddable":true,"href":"https:\/\/vibes-brand.com\/vi\/wp-json\/wp\/v2\/product_cat?post=3621"},{"taxonomy":"product_tag","embeddable":true,"href":"https:\/\/vibes-brand.com\/vi\/wp-json\/wp\/v2\/product_tag?post=3621"}],"curies":[{"name":"wp","href":"https:\/\/api.w.org\/{rel}","templated":true}]}}