{"id":3438,"date":"2023-12-01T14:29:12","date_gmt":"2023-12-01T07:29:12","guid":{"rendered":"https:\/\/vibes-brand.com\/?post_type=product&#038;p=3438"},"modified":"2023-12-02T04:11:37","modified_gmt":"2023-12-01T21:11:37","slug":"peonies-pink-tote","status":"publish","type":"product","link":"https:\/\/vibes-brand.com\/vi\/san-pham\/peonies-pink-tote\/","title":{"rendered":"Peonies Pink Tote"},"content":{"rendered":"<p><img loading=\"lazy\" decoding=\"async\" class=\"alignnone wp-image-3441 size-full\" src=\"https:\/\/vibes-brand.com\/wp-content\/uploads\/2023\/12\/10-1.png\" alt=\"\" width=\"1414\" height=\"2000\" srcset=\"https:\/\/vibes-brand.com\/wp-content\/uploads\/2023\/12\/10-1.png 1414w, https:\/\/vibes-brand.com\/wp-content\/uploads\/2023\/12\/10-1-1028x1454.png 1028w, https:\/\/vibes-brand.com\/wp-content\/uploads\/2023\/12\/10-1-212x300.png 212w, https:\/\/vibes-brand.com\/wp-content\/uploads\/2023\/12\/10-1-724x1024.png 724w, https:\/\/vibes-brand.com\/wp-content\/uploads\/2023\/12\/10-1-768x1086.png 768w, https:\/\/vibes-brand.com\/wp-content\/uploads\/2023\/12\/10-1-1086x1536.png 1086w\" sizes=\"auto, (max-width: 1414px) 100vw, 1414px\" \/><img loading=\"lazy\" decoding=\"async\" class=\"aligncenter wp-image-3289 size-full\" src=\"https:\/\/vibes-brand.com\/wp-content\/uploads\/2023\/12\/31-07-6517946-scaled.jpg\" alt=\"\" width=\"2560\" height=\"2560\" srcset=\"https:\/\/vibes-brand.com\/wp-content\/uploads\/2023\/12\/31-07-6517946-scaled.jpg 2560w, https:\/\/vibes-brand.com\/wp-content\/uploads\/2023\/12\/31-07-6517946-scaled-100x100.jpg 100w, https:\/\/vibes-brand.com\/wp-content\/uploads\/2023\/12\/31-07-6517946-scaled-1028x1028.jpg 1028w, https:\/\/vibes-brand.com\/wp-content\/uploads\/2023\/12\/31-07-6517946-300x300.jpg 300w, https:\/\/vibes-brand.com\/wp-content\/uploads\/2023\/12\/31-07-6517946-1024x1024.jpg 1024w, https:\/\/vibes-brand.com\/wp-content\/uploads\/2023\/12\/31-07-6517946-150x150.jpg 150w, https:\/\/vibes-brand.com\/wp-content\/uploads\/2023\/12\/31-07-6517946-768x768.jpg 768w, https:\/\/vibes-brand.com\/wp-content\/uploads\/2023\/12\/31-07-6517946-1536x1536.jpg 1536w, https:\/\/vibes-brand.com\/wp-content\/uploads\/2023\/12\/31-07-6517946-2048x2048.jpg 2048w\" sizes=\"auto, (max-width: 2560px) 100vw, 2560px\" \/><img loading=\"lazy\" decoding=\"async\" class=\"aligncenter wp-image-3283 size-full\" src=\"https:\/\/vibes-brand.com\/wp-content\/uploads\/2023\/12\/85477718-313E-49B3-B823-E0AB2F30780D.jpg\" alt=\"\" width=\"1440\" height=\"1440\" srcset=\"https:\/\/vibes-brand.com\/wp-content\/uploads\/2023\/12\/85477718-313E-49B3-B823-E0AB2F30780D.jpg 1440w, https:\/\/vibes-brand.com\/wp-content\/uploads\/2023\/12\/85477718-313E-49B3-B823-E0AB2F30780D-100x100.jpg 100w, https:\/\/vibes-brand.com\/wp-content\/uploads\/2023\/12\/85477718-313E-49B3-B823-E0AB2F30780D-1028x1028.jpg 1028w, https:\/\/vibes-brand.com\/wp-content\/uploads\/2023\/12\/85477718-313E-49B3-B823-E0AB2F30780D-300x300.jpg 300w, https:\/\/vibes-brand.com\/wp-content\/uploads\/2023\/12\/85477718-313E-49B3-B823-E0AB2F30780D-1024x1024.jpg 1024w, https:\/\/vibes-brand.com\/wp-content\/uploads\/2023\/12\/85477718-313E-49B3-B823-E0AB2F30780D-150x150.jpg 150w, https:\/\/vibes-brand.com\/wp-content\/uploads\/2023\/12\/85477718-313E-49B3-B823-E0AB2F30780D-768x768.jpg 768w\" sizes=\"auto, (max-width: 1440px) 100vw, 1440px\" \/> <img loading=\"lazy\" decoding=\"async\" class=\"aligncenter wp-image-3282 size-full\" src=\"https:\/\/vibes-brand.com\/wp-content\/uploads\/2023\/12\/03B6B9FC-BCDF-450E-B4E4-AC391365CBA8.jpg\" alt=\"\" width=\"1440\" height=\"1440\" srcset=\"https:\/\/vibes-brand.com\/wp-content\/uploads\/2023\/12\/03B6B9FC-BCDF-450E-B4E4-AC391365CBA8.jpg 1440w, https:\/\/vibes-brand.com\/wp-content\/uploads\/2023\/12\/03B6B9FC-BCDF-450E-B4E4-AC391365CBA8-100x100.jpg 100w, https:\/\/vibes-brand.com\/wp-content\/uploads\/2023\/12\/03B6B9FC-BCDF-450E-B4E4-AC391365CBA8-1028x1028.jpg 1028w, https:\/\/vibes-brand.com\/wp-content\/uploads\/2023\/12\/03B6B9FC-BCDF-450E-B4E4-AC391365CBA8-300x300.jpg 300w, https:\/\/vibes-brand.com\/wp-content\/uploads\/2023\/12\/03B6B9FC-BCDF-450E-B4E4-AC391365CBA8-1024x1024.jpg 1024w, https:\/\/vibes-brand.com\/wp-content\/uploads\/2023\/12\/03B6B9FC-BCDF-450E-B4E4-AC391365CBA8-150x150.jpg 150w, https:\/\/vibes-brand.com\/wp-content\/uploads\/2023\/12\/03B6B9FC-BCDF-450E-B4E4-AC391365CBA8-768x768.jpg 768w\" sizes=\"auto, (max-width: 1440px) 100vw, 1440px\" \/> <img loading=\"lazy\" decoding=\"async\" class=\"aligncenter wp-image-3281 size-full\" src=\"https:\/\/vibes-brand.com\/wp-content\/uploads\/2023\/12\/0B307BE2-D992-408D-A60B-1657E50439C6.jpg\" alt=\"\" width=\"1440\" height=\"1440\" srcset=\"https:\/\/vibes-brand.com\/wp-content\/uploads\/2023\/12\/0B307BE2-D992-408D-A60B-1657E50439C6.jpg 1440w, https:\/\/vibes-brand.com\/wp-content\/uploads\/2023\/12\/0B307BE2-D992-408D-A60B-1657E50439C6-100x100.jpg 100w, https:\/\/vibes-brand.com\/wp-content\/uploads\/2023\/12\/0B307BE2-D992-408D-A60B-1657E50439C6-1028x1028.jpg 1028w, https:\/\/vibes-brand.com\/wp-content\/uploads\/2023\/12\/0B307BE2-D992-408D-A60B-1657E50439C6-300x300.jpg 300w, https:\/\/vibes-brand.com\/wp-content\/uploads\/2023\/12\/0B307BE2-D992-408D-A60B-1657E50439C6-1024x1024.jpg 1024w, https:\/\/vibes-brand.com\/wp-content\/uploads\/2023\/12\/0B307BE2-D992-408D-A60B-1657E50439C6-150x150.jpg 150w, https:\/\/vibes-brand.com\/wp-content\/uploads\/2023\/12\/0B307BE2-D992-408D-A60B-1657E50439C6-768x768.jpg 768w\" sizes=\"auto, (max-width: 1440px) 100vw, 1440px\" \/><\/p>\n<p><img loading=\"lazy\" decoding=\"async\" class=\"aligncenter wp-image-3136 size-full\" src=\"https:\/\/vibes-brand.com\/wp-content\/uploads\/2023\/11\/15.png\" alt=\"\" width=\"1080\" height=\"1080\" srcset=\"https:\/\/vibes-brand.com\/wp-content\/uploads\/2023\/11\/15.png 1080w, https:\/\/vibes-brand.com\/wp-content\/uploads\/2023\/11\/15-100x100.png 100w, https:\/\/vibes-brand.com\/wp-content\/uploads\/2023\/11\/15-1028x1028.png 1028w, https:\/\/vibes-brand.com\/wp-content\/uploads\/2023\/11\/15-300x300.png 300w, https:\/\/vibes-brand.com\/wp-content\/uploads\/2023\/11\/15-1024x1024.png 1024w, https:\/\/vibes-brand.com\/wp-content\/uploads\/2023\/11\/15-150x150.png 150w, https:\/\/vibes-brand.com\/wp-content\/uploads\/2023\/11\/15-768x768.png 768w\" sizes=\"auto, (max-width: 1080px) 100vw, 1080px\" \/><\/p>","protected":false},"excerpt":{"rendered":"<p>&nbsp;<\/p>\n<p><span class=\"OYPEnA text-decoration-none text-strikethrough-none\">Our printed tote<\/span>\u00a0<span class=\"OYPEnA text-decoration-none text-strikethrough-none\">\u0111\u01b0\u1ee3c l\u00e0m b\u1eb1ng v\u1eadt li\u1ec7u ch\u1ea5t l\u01b0\u1ee3ng cao v\u00e0 thi\u1ebft k\u1ebf thanh l\u1ecbch. Ch\u00fang t\u00f4i cung c\u1ea5p c\u00e1c s\u1ea3n ph\u1ea9m b\u1ec1n v\u1eefng, ch\u1ed1ng m\u00e0i m\u00f2n. T\u00fai x\u00e1ch c\u1ee7a Vibes s\u1ebd mang \u0111\u1ebfn n\u00e9t sang tr\u1ecdng v\u00e0 h\u1ee3p th\u1eddi trang cho phong c\u00e1ch h\u00e0ng ng\u00e0y c\u1ee7a b\u1ea1n!<\/span><\/p>","protected":false},"featured_media":3288,"template":"","meta":[],"product_brand":[],"product_cat":[16,17],"product_tag":[],"class_list":{"0":"post-3438","1":"product","2":"type-product","3":"status-publish","4":"has-post-thumbnail","6":"product_cat-canvas-tote","7":"product_cat-micro-duchess-tote","9":"first","10":"instock","11":"taxable","12":"shipping-taxable","13":"purchasable","14":"product-type-variable"},"_links":{"self":[{"href":"https:\/\/vibes-brand.com\/vi\/wp-json\/wp\/v2\/product\/3438","targetHints":{"allow":["GET"]}}],"collection":[{"href":"https:\/\/vibes-brand.com\/vi\/wp-json\/wp\/v2\/product"}],"about":[{"href":"https:\/\/vibes-brand.com\/vi\/wp-json\/wp\/v2\/types\/product"}],"wp:featuredmedia":[{"embeddable":true,"href":"https:\/\/vibes-brand.com\/vi\/wp-json\/wp\/v2\/media\/3288"}],"wp:attachment":[{"href":"https:\/\/vibes-brand.com\/vi\/wp-json\/wp\/v2\/media?parent=3438"}],"wp:term":[{"taxonomy":"product_brand","embeddable":true,"href":"https:\/\/vibes-brand.com\/vi\/wp-json\/wp\/v2\/product_brand?post=3438"},{"taxonomy":"product_cat","embeddable":true,"href":"https:\/\/vibes-brand.com\/vi\/wp-json\/wp\/v2\/product_cat?post=3438"},{"taxonomy":"product_tag","embeddable":true,"href":"https:\/\/vibes-brand.com\/vi\/wp-json\/wp\/v2\/product_tag?post=3438"}],"curies":[{"name":"wp","href":"https:\/\/api.w.org\/{rel}","templated":true}]}}