{"id":3336,"date":"2023-12-01T12:36:56","date_gmt":"2023-12-01T05:36:56","guid":{"rendered":"https:\/\/vibes-brand.com\/?post_type=product&#038;p=3336"},"modified":"2023-12-01T17:22:31","modified_gmt":"2023-12-01T10:22:31","slug":"lunar-lullaby-tote","status":"publish","type":"product","link":"https:\/\/vibes-brand.com\/vi\/san-pham\/lunar-lullaby-tote\/","title":{"rendered":"Lunar Lullaby Tote"},"content":{"rendered":"<p><img loading=\"lazy\" decoding=\"async\" class=\"aligncenter wp-image-3456 size-full\" src=\"https:\/\/vibes-brand.com\/wp-content\/uploads\/2023\/12\/11-1.png\" alt=\"\" width=\"1414\" height=\"2000\" srcset=\"https:\/\/vibes-brand.com\/wp-content\/uploads\/2023\/12\/11-1.png 1414w, https:\/\/vibes-brand.com\/wp-content\/uploads\/2023\/12\/11-1-1028x1454.png 1028w, https:\/\/vibes-brand.com\/wp-content\/uploads\/2023\/12\/11-1-212x300.png 212w, https:\/\/vibes-brand.com\/wp-content\/uploads\/2023\/12\/11-1-724x1024.png 724w, https:\/\/vibes-brand.com\/wp-content\/uploads\/2023\/12\/11-1-768x1086.png 768w, https:\/\/vibes-brand.com\/wp-content\/uploads\/2023\/12\/11-1-1086x1536.png 1086w\" sizes=\"auto, (max-width: 1414px) 100vw, 1414px\" \/><\/p>\n<p><img loading=\"lazy\" decoding=\"async\" class=\"aligncenter wp-image-3423 size-full\" src=\"https:\/\/vibes-brand.com\/wp-content\/uploads\/2023\/12\/IMG_4473.jpg\" alt=\"\" width=\"2048\" height=\"2048\" srcset=\"https:\/\/vibes-brand.com\/wp-content\/uploads\/2023\/12\/IMG_4473.jpg 2048w, https:\/\/vibes-brand.com\/wp-content\/uploads\/2023\/12\/IMG_4473-100x100.jpg 100w, https:\/\/vibes-brand.com\/wp-content\/uploads\/2023\/12\/IMG_4473-1028x1028.jpg 1028w, https:\/\/vibes-brand.com\/wp-content\/uploads\/2023\/12\/IMG_4473-300x300.jpg 300w, https:\/\/vibes-brand.com\/wp-content\/uploads\/2023\/12\/IMG_4473-1024x1024.jpg 1024w, https:\/\/vibes-brand.com\/wp-content\/uploads\/2023\/12\/IMG_4473-150x150.jpg 150w, https:\/\/vibes-brand.com\/wp-content\/uploads\/2023\/12\/IMG_4473-768x768.jpg 768w, https:\/\/vibes-brand.com\/wp-content\/uploads\/2023\/12\/IMG_4473-1536x1536.jpg 1536w\" sizes=\"auto, (max-width: 2048px) 100vw, 2048px\" \/><\/p>\n<p><img loading=\"lazy\" decoding=\"async\" class=\"wp-image-3279 size-full aligncenter\" src=\"https:\/\/vibes-brand.com\/wp-content\/uploads\/2023\/12\/DF439599-9BE2-4185-ADFB-07C75D75257A.jpg\" alt=\"\" width=\"1440\" height=\"1440\" srcset=\"https:\/\/vibes-brand.com\/wp-content\/uploads\/2023\/12\/DF439599-9BE2-4185-ADFB-07C75D75257A.jpg 1440w, https:\/\/vibes-brand.com\/wp-content\/uploads\/2023\/12\/DF439599-9BE2-4185-ADFB-07C75D75257A-100x100.jpg 100w, https:\/\/vibes-brand.com\/wp-content\/uploads\/2023\/12\/DF439599-9BE2-4185-ADFB-07C75D75257A-1028x1028.jpg 1028w, https:\/\/vibes-brand.com\/wp-content\/uploads\/2023\/12\/DF439599-9BE2-4185-ADFB-07C75D75257A-300x300.jpg 300w, https:\/\/vibes-brand.com\/wp-content\/uploads\/2023\/12\/DF439599-9BE2-4185-ADFB-07C75D75257A-1024x1024.jpg 1024w, https:\/\/vibes-brand.com\/wp-content\/uploads\/2023\/12\/DF439599-9BE2-4185-ADFB-07C75D75257A-150x150.jpg 150w, https:\/\/vibes-brand.com\/wp-content\/uploads\/2023\/12\/DF439599-9BE2-4185-ADFB-07C75D75257A-768x768.jpg 768w\" sizes=\"auto, (max-width: 1440px) 100vw, 1440px\" \/><\/p>","protected":false},"excerpt":{"rendered":"<p><span class=\"OYPEnA text-decoration-none text-strikethrough-none\">T\u00fai c\u1ee7a ch\u00fang t\u00f4i<\/span> <span class=\"OYPEnA text-decoration-none text-strikethrough-none\">\u0111\u01b0\u1ee3c l\u00e0m b\u1eb1ng v\u1eadt li\u1ec7u ch\u1ea5t l\u01b0\u1ee3ng cao v\u00e0 thi\u1ebft k\u1ebf thanh l\u1ecbch. Ch\u00fang t\u00f4i cung c\u1ea5p c\u00e1c s\u1ea3n ph\u1ea9m b\u1ec1n v\u1eefng, ch\u1ed1ng m\u00e0i m\u00f2n. T\u00fai x\u00e1ch c\u1ee7a Vibes s\u1ebd mang \u0111\u1ebfn n\u00e9t sang tr\u1ecdng v\u00e0 h\u1ee3p th\u1eddi trang cho phong c\u00e1ch h\u00e0ng ng\u00e0y c\u1ee7a b\u1ea1n!<\/span><\/p>\n<p>&nbsp;<\/p>\n<p>&nbsp;<\/p>","protected":false},"featured_media":3350,"template":"","meta":[],"product_brand":[],"product_cat":[16],"product_tag":[],"class_list":{"0":"post-3336","1":"product","2":"type-product","3":"status-publish","4":"has-post-thumbnail","6":"product_cat-canvas-tote","8":"first","9":"instock","10":"taxable","11":"shipping-taxable","12":"purchasable","13":"product-type-simple"},"_links":{"self":[{"href":"https:\/\/vibes-brand.com\/vi\/wp-json\/wp\/v2\/product\/3336","targetHints":{"allow":["GET"]}}],"collection":[{"href":"https:\/\/vibes-brand.com\/vi\/wp-json\/wp\/v2\/product"}],"about":[{"href":"https:\/\/vibes-brand.com\/vi\/wp-json\/wp\/v2\/types\/product"}],"wp:featuredmedia":[{"embeddable":true,"href":"https:\/\/vibes-brand.com\/vi\/wp-json\/wp\/v2\/media\/3350"}],"wp:attachment":[{"href":"https:\/\/vibes-brand.com\/vi\/wp-json\/wp\/v2\/media?parent=3336"}],"wp:term":[{"taxonomy":"product_brand","embeddable":true,"href":"https:\/\/vibes-brand.com\/vi\/wp-json\/wp\/v2\/product_brand?post=3336"},{"taxonomy":"product_cat","embeddable":true,"href":"https:\/\/vibes-brand.com\/vi\/wp-json\/wp\/v2\/product_cat?post=3336"},{"taxonomy":"product_tag","embeddable":true,"href":"https:\/\/vibes-brand.com\/vi\/wp-json\/wp\/v2\/product_tag?post=3336"}],"curies":[{"name":"wp","href":"https:\/\/api.w.org\/{rel}","templated":true}]}}