{"id":3332,"date":"2023-12-01T12:18:57","date_gmt":"2023-12-01T05:18:57","guid":{"rendered":"https:\/\/vibes-brand.com\/?post_type=product&#038;p=3332"},"modified":"2023-12-01T16:49:59","modified_gmt":"2023-12-01T09:49:59","slug":"peonies-beige-tote","status":"publish","type":"product","link":"https:\/\/vibes-brand.com\/vi\/san-pham\/peonies-beige-tote\/","title":{"rendered":"Peonies Beige Tote"},"content":{"rendered":"<p><img loading=\"lazy\" decoding=\"async\" class=\"aligncenter wp-image-3441 size-full\" src=\"https:\/\/vibes-brand.com\/wp-content\/uploads\/2023\/12\/10-1.png\" alt=\"\" width=\"1414\" height=\"2000\" srcset=\"https:\/\/vibes-brand.com\/wp-content\/uploads\/2023\/12\/10-1.png 1414w, https:\/\/vibes-brand.com\/wp-content\/uploads\/2023\/12\/10-1-1028x1454.png 1028w, https:\/\/vibes-brand.com\/wp-content\/uploads\/2023\/12\/10-1-212x300.png 212w, https:\/\/vibes-brand.com\/wp-content\/uploads\/2023\/12\/10-1-724x1024.png 724w, https:\/\/vibes-brand.com\/wp-content\/uploads\/2023\/12\/10-1-768x1086.png 768w, https:\/\/vibes-brand.com\/wp-content\/uploads\/2023\/12\/10-1-1086x1536.png 1086w\" sizes=\"auto, (max-width: 1414px) 100vw, 1414px\" \/><\/p>\n<p><img loading=\"lazy\" decoding=\"async\" class=\"aligncenter wp-image-3270 size-full\" src=\"https:\/\/vibes-brand.com\/wp-content\/uploads\/2023\/12\/31-07-6517766-scaled.jpg\" alt=\"\" width=\"2560\" height=\"2560\" srcset=\"https:\/\/vibes-brand.com\/wp-content\/uploads\/2023\/12\/31-07-6517766-scaled.jpg 2560w, https:\/\/vibes-brand.com\/wp-content\/uploads\/2023\/12\/31-07-6517766-scaled-100x100.jpg 100w, https:\/\/vibes-brand.com\/wp-content\/uploads\/2023\/12\/31-07-6517766-scaled-1028x1028.jpg 1028w, https:\/\/vibes-brand.com\/wp-content\/uploads\/2023\/12\/31-07-6517766-300x300.jpg 300w, https:\/\/vibes-brand.com\/wp-content\/uploads\/2023\/12\/31-07-6517766-1024x1024.jpg 1024w, https:\/\/vibes-brand.com\/wp-content\/uploads\/2023\/12\/31-07-6517766-150x150.jpg 150w, https:\/\/vibes-brand.com\/wp-content\/uploads\/2023\/12\/31-07-6517766-768x768.jpg 768w, https:\/\/vibes-brand.com\/wp-content\/uploads\/2023\/12\/31-07-6517766-1536x1536.jpg 1536w, https:\/\/vibes-brand.com\/wp-content\/uploads\/2023\/12\/31-07-6517766-2048x2048.jpg 2048w\" sizes=\"auto, (max-width: 2560px) 100vw, 2560px\" \/> <img loading=\"lazy\" decoding=\"async\" class=\"aligncenter wp-image-3274 size-full\" src=\"https:\/\/vibes-brand.com\/wp-content\/uploads\/2023\/12\/31-07-6517787-scaled.jpg\" alt=\"\" width=\"2560\" height=\"2560\" srcset=\"https:\/\/vibes-brand.com\/wp-content\/uploads\/2023\/12\/31-07-6517787-scaled.jpg 2560w, https:\/\/vibes-brand.com\/wp-content\/uploads\/2023\/12\/31-07-6517787-scaled-100x100.jpg 100w, https:\/\/vibes-brand.com\/wp-content\/uploads\/2023\/12\/31-07-6517787-scaled-1028x1028.jpg 1028w, https:\/\/vibes-brand.com\/wp-content\/uploads\/2023\/12\/31-07-6517787-300x300.jpg 300w, https:\/\/vibes-brand.com\/wp-content\/uploads\/2023\/12\/31-07-6517787-1024x1024.jpg 1024w, https:\/\/vibes-brand.com\/wp-content\/uploads\/2023\/12\/31-07-6517787-150x150.jpg 150w, https:\/\/vibes-brand.com\/wp-content\/uploads\/2023\/12\/31-07-6517787-768x768.jpg 768w, https:\/\/vibes-brand.com\/wp-content\/uploads\/2023\/12\/31-07-6517787-1536x1536.jpg 1536w, https:\/\/vibes-brand.com\/wp-content\/uploads\/2023\/12\/31-07-6517787-2048x2048.jpg 2048w\" sizes=\"auto, (max-width: 2560px) 100vw, 2560px\" \/> <img loading=\"lazy\" decoding=\"async\" class=\"aligncenter wp-image-3273 size-full\" src=\"https:\/\/vibes-brand.com\/wp-content\/uploads\/2023\/12\/31-07-6517784-scaled.jpg\" alt=\"\" width=\"2560\" height=\"2560\" srcset=\"https:\/\/vibes-brand.com\/wp-content\/uploads\/2023\/12\/31-07-6517784-scaled.jpg 2560w, https:\/\/vibes-brand.com\/wp-content\/uploads\/2023\/12\/31-07-6517784-scaled-100x100.jpg 100w, https:\/\/vibes-brand.com\/wp-content\/uploads\/2023\/12\/31-07-6517784-scaled-1028x1028.jpg 1028w, https:\/\/vibes-brand.com\/wp-content\/uploads\/2023\/12\/31-07-6517784-300x300.jpg 300w, https:\/\/vibes-brand.com\/wp-content\/uploads\/2023\/12\/31-07-6517784-1024x1024.jpg 1024w, https:\/\/vibes-brand.com\/wp-content\/uploads\/2023\/12\/31-07-6517784-150x150.jpg 150w, https:\/\/vibes-brand.com\/wp-content\/uploads\/2023\/12\/31-07-6517784-768x768.jpg 768w, https:\/\/vibes-brand.com\/wp-content\/uploads\/2023\/12\/31-07-6517784-1536x1536.jpg 1536w, https:\/\/vibes-brand.com\/wp-content\/uploads\/2023\/12\/31-07-6517784-2048x2048.jpg 2048w\" sizes=\"auto, (max-width: 2560px) 100vw, 2560px\" \/> <img loading=\"lazy\" decoding=\"async\" class=\"wp-image-3276 size-full aligncenter\" src=\"https:\/\/vibes-brand.com\/wp-content\/uploads\/2023\/12\/31-07-6517809-scaled.jpg\" alt=\"\" width=\"2560\" height=\"2560\" srcset=\"https:\/\/vibes-brand.com\/wp-content\/uploads\/2023\/12\/31-07-6517809-scaled.jpg 2560w, https:\/\/vibes-brand.com\/wp-content\/uploads\/2023\/12\/31-07-6517809-scaled-100x100.jpg 100w, https:\/\/vibes-brand.com\/wp-content\/uploads\/2023\/12\/31-07-6517809-scaled-1028x1028.jpg 1028w, https:\/\/vibes-brand.com\/wp-content\/uploads\/2023\/12\/31-07-6517809-300x300.jpg 300w, https:\/\/vibes-brand.com\/wp-content\/uploads\/2023\/12\/31-07-6517809-1024x1024.jpg 1024w, https:\/\/vibes-brand.com\/wp-content\/uploads\/2023\/12\/31-07-6517809-150x150.jpg 150w, https:\/\/vibes-brand.com\/wp-content\/uploads\/2023\/12\/31-07-6517809-768x768.jpg 768w, https:\/\/vibes-brand.com\/wp-content\/uploads\/2023\/12\/31-07-6517809-1536x1536.jpg 1536w, https:\/\/vibes-brand.com\/wp-content\/uploads\/2023\/12\/31-07-6517809-2048x2048.jpg 2048w\" sizes=\"auto, (max-width: 2560px) 100vw, 2560px\" \/><\/p>\n<p><img loading=\"lazy\" decoding=\"async\" class=\"aligncenter wp-image-3136 size-full\" src=\"https:\/\/vibes-brand.com\/wp-content\/uploads\/2023\/11\/15.png\" alt=\"\" width=\"1080\" height=\"1080\" srcset=\"https:\/\/vibes-brand.com\/wp-content\/uploads\/2023\/11\/15.png 1080w, https:\/\/vibes-brand.com\/wp-content\/uploads\/2023\/11\/15-100x100.png 100w, https:\/\/vibes-brand.com\/wp-content\/uploads\/2023\/11\/15-1028x1028.png 1028w, https:\/\/vibes-brand.com\/wp-content\/uploads\/2023\/11\/15-300x300.png 300w, https:\/\/vibes-brand.com\/wp-content\/uploads\/2023\/11\/15-1024x1024.png 1024w, https:\/\/vibes-brand.com\/wp-content\/uploads\/2023\/11\/15-150x150.png 150w, https:\/\/vibes-brand.com\/wp-content\/uploads\/2023\/11\/15-768x768.png 768w\" sizes=\"auto, (max-width: 1080px) 100vw, 1080px\" \/><\/p>","protected":false},"excerpt":{"rendered":"<p><span class=\"OYPEnA text-decoration-none text-strikethrough-none\">T\u00fai c\u1ee7a ch\u00fang t\u00f4i<\/span> <span class=\"OYPEnA text-decoration-none text-strikethrough-none\">\u0111\u01b0\u1ee3c l\u00e0m b\u1eb1ng v\u1eadt li\u1ec7u ch\u1ea5t l\u01b0\u1ee3ng cao v\u00e0 thi\u1ebft k\u1ebf thanh l\u1ecbch. Ch\u00fang t\u00f4i cung c\u1ea5p c\u00e1c s\u1ea3n ph\u1ea9m b\u1ec1n v\u1eefng, ch\u1ed1ng m\u00e0i m\u00f2n. T\u00fai x\u00e1ch c\u1ee7a Vibes s\u1ebd mang \u0111\u1ebfn n\u00e9t sang tr\u1ecdng v\u00e0 h\u1ee3p th\u1eddi trang cho phong c\u00e1ch h\u00e0ng ng\u00e0y c\u1ee7a b\u1ea1n!<\/span><\/p>","protected":false},"featured_media":3275,"template":"","meta":[],"product_brand":[],"product_cat":[16],"product_tag":[],"class_list":{"0":"post-3332","1":"product","2":"type-product","3":"status-publish","4":"has-post-thumbnail","6":"product_cat-canvas-tote","8":"first","9":"instock","10":"taxable","11":"shipping-taxable","12":"purchasable","13":"product-type-simple"},"_links":{"self":[{"href":"https:\/\/vibes-brand.com\/vi\/wp-json\/wp\/v2\/product\/3332","targetHints":{"allow":["GET"]}}],"collection":[{"href":"https:\/\/vibes-brand.com\/vi\/wp-json\/wp\/v2\/product"}],"about":[{"href":"https:\/\/vibes-brand.com\/vi\/wp-json\/wp\/v2\/types\/product"}],"wp:featuredmedia":[{"embeddable":true,"href":"https:\/\/vibes-brand.com\/vi\/wp-json\/wp\/v2\/media\/3275"}],"wp:attachment":[{"href":"https:\/\/vibes-brand.com\/vi\/wp-json\/wp\/v2\/media?parent=3332"}],"wp:term":[{"taxonomy":"product_brand","embeddable":true,"href":"https:\/\/vibes-brand.com\/vi\/wp-json\/wp\/v2\/product_brand?post=3332"},{"taxonomy":"product_cat","embeddable":true,"href":"https:\/\/vibes-brand.com\/vi\/wp-json\/wp\/v2\/product_cat?post=3332"},{"taxonomy":"product_tag","embeddable":true,"href":"https:\/\/vibes-brand.com\/vi\/wp-json\/wp\/v2\/product_tag?post=3332"}],"curies":[{"name":"wp","href":"https:\/\/api.w.org\/{rel}","templated":true}]}}